{"id":32739,"date":"2025-05-13T11:59:03","date_gmt":"2025-05-13T09:59:03","guid":{"rendered":"https:\/\/wordpress.ceresheilmittel.ch\/produkt\/salvia-officinalis-teinture-mere\/"},"modified":"2025-05-16T13:59:12","modified_gmt":"2025-05-16T11:59:12","slug":"salvia-officinalis-teinture-mere","status":"publish","type":"product","link":"https:\/\/ch.ceres.stage.endadens.ch\/fr\/produkt\/salvia-officinalis-teinture-mere\/","title":{"rendered":"Salvia officinalis &#8211; Teinture m\u00e8re"},"content":{"rendered":"","protected":false},"excerpt":{"rendered":"<p>Teinture m\u00e8re de sauge<\/p>\n<p><b>Parties de la plante utilis\u00e9es : <\/b>Feuilles fra\u00eeches<\/p>\n<p><b>Taille de l&#8217;emballage \/ contenu : <\/b>20 ml<\/p>\n<p><b>Titulaire de l&#8217;autorisation :<br \/>\n<\/b>Ceres Heilmittel AG<br \/>\nBachtobelstrasse 6, CH-8596 Kesswil<\/p>\n<p><b>Soci\u00e9t\u00e9 de livraison :<br \/>\n<\/b>ebi-pharm ag<br \/>\nLindachstrasse 8c, CH-3038 Kirchlindach<\/p>\n<p><b>Remarque : <\/b>pour la th\u00e9rapie individuelle selon les instructions du professionnel de sant\u00e9 qui vous conseille.<\/p>\n","protected":false},"featured_media":29715,"template":"","meta":{"_uag_custom_page_level_css":"","_kad_blocks_custom_css":"","_kad_blocks_head_custom_js":"","_kad_blocks_body_custom_js":"","_kad_blocks_footer_custom_js":"","_kad_post_transparent":"default","_kad_post_title":"","_kad_post_layout":"default","_kad_post_sidebar_id":"","_kad_post_content_style":"default","_kad_post_vertical_padding":"default","_kad_post_feature":"","_kad_post_feature_position":"","_kad_post_header":false,"_kad_post_footer":false,"_links_to":"","_links_to_target":""},"product_brand":[],"product_cat":[1143,1199],"product_tag":[],"class_list":{"0":"post-32739","1":"product","2":"type-product","3":"status-publish","4":"has-post-thumbnail","6":"product_cat-produits","7":"product_cat-teintures-meres","9":"first","10":"instock","11":"taxable","12":"shipping-taxable","13":"product-type-simple","14":"entry","15":"content-bg","16":"loop-entry"},"yoast_head":"<!-- This site is optimized with the Yoast SEO plugin v27.0 - https:\/\/yoast.com\/product\/yoast-seo-wordpress\/ -->\n<title>Salvia officinalis - Teinture m\u00e8re - Ceres Heilmittel AG<\/title>\n<meta name=\"robots\" content=\"index, follow, max-snippet:-1, max-image-preview:large, max-video-preview:-1\" \/>\n<link rel=\"canonical\" href=\"https:\/\/ch.ceres.stage.endadens.ch\/fr\/produkt\/salvia-officinalis-teinture-mere\/\" \/>\n<meta property=\"og:locale\" content=\"fr_FR\" \/>\n<meta property=\"og:type\" content=\"article\" \/>\n<meta property=\"og:title\" content=\"Salvia officinalis - Teinture m\u00e8re - Ceres Heilmittel AG\" \/>\n<meta property=\"og:description\" content=\"Teinture m\u00e8re de sauge  Parties de la plante utilis\u00e9es : Feuilles fra\u00eeches  Taille de l&#039;emballage \/ contenu : 20 ml  Titulaire de l&#039;autorisation : Ceres Heilmittel AG Bachtobelstrasse 6, CH-8596 Kesswil  Soci\u00e9t\u00e9 de livraison : ebi-pharm ag Lindachstrasse 8c, CH-3038 Kirchlindach  Remarque : pour la th\u00e9rapie individuelle selon les instructions du professionnel de sant\u00e9 qui vous conseille.\" \/>\n<meta property=\"og:url\" content=\"https:\/\/ch.ceres.stage.endadens.ch\/fr\/produkt\/salvia-officinalis-teinture-mere\/\" \/>\n<meta property=\"og:site_name\" content=\"Ceres Heilmittel AG\" \/>\n<meta property=\"article:modified_time\" content=\"2025-05-16T11:59:12+00:00\" \/>\n<meta property=\"og:image\" content=\"https:\/\/ch.ceres.stage.endadens.ch\/wp-content\/uploads\/2025\/05\/250513-AM-Packshot-Salvia-officinalis-CH.jpg\" \/>\n\t<meta property=\"og:image:width\" content=\"1981\" \/>\n\t<meta property=\"og:image:height\" content=\"1981\" \/>\n\t<meta property=\"og:image:type\" content=\"image\/jpeg\" \/>\n<meta name=\"twitter:card\" content=\"summary_large_image\" \/>\n<meta name=\"twitter:label1\" content=\"Dur\u00e9e de lecture estim\u00e9e\" \/>\n\t<meta name=\"twitter:data1\" content=\"1 minute\" \/>\n<script type=\"application\/ld+json\" class=\"yoast-schema-graph\">{\"@context\":\"https:\/\/schema.org\",\"@graph\":[{\"@type\":\"WebPage\",\"@id\":\"https:\/\/ch.ceres.stage.endadens.ch\/fr\/produkt\/salvia-officinalis-teinture-mere\/\",\"url\":\"https:\/\/ch.ceres.stage.endadens.ch\/fr\/produkt\/salvia-officinalis-teinture-mere\/\",\"name\":\"Salvia officinalis - Teinture m\u00e8re - Ceres Heilmittel AG\",\"isPartOf\":{\"@id\":\"https:\/\/ch.ceres.stage.endadens.ch\/fr\/#website\"},\"primaryImageOfPage\":{\"@id\":\"https:\/\/ch.ceres.stage.endadens.ch\/fr\/produkt\/salvia-officinalis-teinture-mere\/#primaryimage\"},\"image\":{\"@id\":\"https:\/\/ch.ceres.stage.endadens.ch\/fr\/produkt\/salvia-officinalis-teinture-mere\/#primaryimage\"},\"thumbnailUrl\":\"https:\/\/ch.ceres.stage.endadens.ch\/wp-content\/uploads\/2025\/05\/250513-AM-Packshot-Salvia-officinalis-CH.jpg\",\"datePublished\":\"2025-05-13T09:59:03+00:00\",\"dateModified\":\"2025-05-16T11:59:12+00:00\",\"breadcrumb\":{\"@id\":\"https:\/\/ch.ceres.stage.endadens.ch\/fr\/produkt\/salvia-officinalis-teinture-mere\/#breadcrumb\"},\"inLanguage\":\"fr-FR\",\"potentialAction\":[{\"@type\":\"ReadAction\",\"target\":[\"https:\/\/ch.ceres.stage.endadens.ch\/fr\/produkt\/salvia-officinalis-teinture-mere\/\"]}]},{\"@type\":\"ImageObject\",\"inLanguage\":\"fr-FR\",\"@id\":\"https:\/\/ch.ceres.stage.endadens.ch\/fr\/produkt\/salvia-officinalis-teinture-mere\/#primaryimage\",\"url\":\"https:\/\/ch.ceres.stage.endadens.ch\/wp-content\/uploads\/2025\/05\/250513-AM-Packshot-Salvia-officinalis-CH.jpg\",\"contentUrl\":\"https:\/\/ch.ceres.stage.endadens.ch\/wp-content\/uploads\/2025\/05\/250513-AM-Packshot-Salvia-officinalis-CH.jpg\",\"width\":1981,\"height\":1981},{\"@type\":\"BreadcrumbList\",\"@id\":\"https:\/\/ch.ceres.stage.endadens.ch\/fr\/produkt\/salvia-officinalis-teinture-mere\/#breadcrumb\",\"itemListElement\":[{\"@type\":\"ListItem\",\"position\":1,\"name\":\"Home\",\"item\":\"https:\/\/ch.ceres.stage.endadens.ch\/fr\/\"},{\"@type\":\"ListItem\",\"position\":2,\"name\":\"Shop\",\"item\":\"https:\/\/ch.ceres.stage.endadens.ch\/fr\/?page_id=27055\"},{\"@type\":\"ListItem\",\"position\":3,\"name\":\"Salvia officinalis &#8211; Teinture m\u00e8re\"}]},{\"@type\":\"WebSite\",\"@id\":\"https:\/\/ch.ceres.stage.endadens.ch\/fr\/#website\",\"url\":\"https:\/\/ch.ceres.stage.endadens.ch\/fr\/\",\"name\":\"Ceres Heilmittel AG\",\"description\":\"\",\"publisher\":{\"@id\":\"https:\/\/ch.ceres.stage.endadens.ch\/fr\/#organization\"},\"potentialAction\":[{\"@type\":\"SearchAction\",\"target\":{\"@type\":\"EntryPoint\",\"urlTemplate\":\"https:\/\/ch.ceres.stage.endadens.ch\/fr\/?s={search_term_string}\"},\"query-input\":{\"@type\":\"PropertyValueSpecification\",\"valueRequired\":true,\"valueName\":\"search_term_string\"}}],\"inLanguage\":\"fr-FR\"},{\"@type\":\"Organization\",\"@id\":\"https:\/\/ch.ceres.stage.endadens.ch\/fr\/#organization\",\"name\":\"Ceres Heilmittel AG\",\"url\":\"https:\/\/ch.ceres.stage.endadens.ch\/fr\/\",\"logo\":{\"@type\":\"ImageObject\",\"inLanguage\":\"fr-FR\",\"@id\":\"https:\/\/ch.ceres.stage.endadens.ch\/fr\/#\/schema\/logo\/image\/\",\"url\":\"https:\/\/ch.ceres.stage.endadens.ch\/wp-content\/uploads\/2024\/10\/cropped-cropped-Logo_Ceres_Web_RGB_0722-2.jpg\",\"contentUrl\":\"https:\/\/ch.ceres.stage.endadens.ch\/wp-content\/uploads\/2024\/10\/cropped-cropped-Logo_Ceres_Web_RGB_0722-2.jpg\",\"width\":683,\"height\":323,\"caption\":\"Ceres Heilmittel AG\"},\"image\":{\"@id\":\"https:\/\/ch.ceres.stage.endadens.ch\/fr\/#\/schema\/logo\/image\/\"}}]}<\/script>\n<!-- \/ Yoast SEO plugin. -->","yoast_head_json":{"title":"Salvia officinalis - Teinture m\u00e8re - Ceres Heilmittel AG","robots":{"index":"index","follow":"follow","max-snippet":"max-snippet:-1","max-image-preview":"max-image-preview:large","max-video-preview":"max-video-preview:-1"},"canonical":"https:\/\/ch.ceres.stage.endadens.ch\/fr\/produkt\/salvia-officinalis-teinture-mere\/","og_locale":"fr_FR","og_type":"article","og_title":"Salvia officinalis - Teinture m\u00e8re - Ceres Heilmittel AG","og_description":"Teinture m\u00e8re de sauge  Parties de la plante utilis\u00e9es : Feuilles fra\u00eeches  Taille de l'emballage \/ contenu : 20 ml  Titulaire de l'autorisation : Ceres Heilmittel AG Bachtobelstrasse 6, CH-8596 Kesswil  Soci\u00e9t\u00e9 de livraison : ebi-pharm ag Lindachstrasse 8c, CH-3038 Kirchlindach  Remarque : pour la th\u00e9rapie individuelle selon les instructions du professionnel de sant\u00e9 qui vous conseille.","og_url":"https:\/\/ch.ceres.stage.endadens.ch\/fr\/produkt\/salvia-officinalis-teinture-mere\/","og_site_name":"Ceres Heilmittel AG","article_modified_time":"2025-05-16T11:59:12+00:00","og_image":[{"width":1981,"height":1981,"url":"https:\/\/ch.ceres.stage.endadens.ch\/wp-content\/uploads\/2025\/05\/250513-AM-Packshot-Salvia-officinalis-CH.jpg","type":"image\/jpeg"}],"twitter_card":"summary_large_image","twitter_misc":{"Dur\u00e9e de lecture estim\u00e9e":"1 minute"},"schema":{"@context":"https:\/\/schema.org","@graph":[{"@type":"WebPage","@id":"https:\/\/ch.ceres.stage.endadens.ch\/fr\/produkt\/salvia-officinalis-teinture-mere\/","url":"https:\/\/ch.ceres.stage.endadens.ch\/fr\/produkt\/salvia-officinalis-teinture-mere\/","name":"Salvia officinalis - Teinture m\u00e8re - Ceres Heilmittel AG","isPartOf":{"@id":"https:\/\/ch.ceres.stage.endadens.ch\/fr\/#website"},"primaryImageOfPage":{"@id":"https:\/\/ch.ceres.stage.endadens.ch\/fr\/produkt\/salvia-officinalis-teinture-mere\/#primaryimage"},"image":{"@id":"https:\/\/ch.ceres.stage.endadens.ch\/fr\/produkt\/salvia-officinalis-teinture-mere\/#primaryimage"},"thumbnailUrl":"https:\/\/ch.ceres.stage.endadens.ch\/wp-content\/uploads\/2025\/05\/250513-AM-Packshot-Salvia-officinalis-CH.jpg","datePublished":"2025-05-13T09:59:03+00:00","dateModified":"2025-05-16T11:59:12+00:00","breadcrumb":{"@id":"https:\/\/ch.ceres.stage.endadens.ch\/fr\/produkt\/salvia-officinalis-teinture-mere\/#breadcrumb"},"inLanguage":"fr-FR","potentialAction":[{"@type":"ReadAction","target":["https:\/\/ch.ceres.stage.endadens.ch\/fr\/produkt\/salvia-officinalis-teinture-mere\/"]}]},{"@type":"ImageObject","inLanguage":"fr-FR","@id":"https:\/\/ch.ceres.stage.endadens.ch\/fr\/produkt\/salvia-officinalis-teinture-mere\/#primaryimage","url":"https:\/\/ch.ceres.stage.endadens.ch\/wp-content\/uploads\/2025\/05\/250513-AM-Packshot-Salvia-officinalis-CH.jpg","contentUrl":"https:\/\/ch.ceres.stage.endadens.ch\/wp-content\/uploads\/2025\/05\/250513-AM-Packshot-Salvia-officinalis-CH.jpg","width":1981,"height":1981},{"@type":"BreadcrumbList","@id":"https:\/\/ch.ceres.stage.endadens.ch\/fr\/produkt\/salvia-officinalis-teinture-mere\/#breadcrumb","itemListElement":[{"@type":"ListItem","position":1,"name":"Home","item":"https:\/\/ch.ceres.stage.endadens.ch\/fr\/"},{"@type":"ListItem","position":2,"name":"Shop","item":"https:\/\/ch.ceres.stage.endadens.ch\/fr\/?page_id=27055"},{"@type":"ListItem","position":3,"name":"Salvia officinalis &#8211; Teinture m\u00e8re"}]},{"@type":"WebSite","@id":"https:\/\/ch.ceres.stage.endadens.ch\/fr\/#website","url":"https:\/\/ch.ceres.stage.endadens.ch\/fr\/","name":"Ceres Heilmittel AG","description":"","publisher":{"@id":"https:\/\/ch.ceres.stage.endadens.ch\/fr\/#organization"},"potentialAction":[{"@type":"SearchAction","target":{"@type":"EntryPoint","urlTemplate":"https:\/\/ch.ceres.stage.endadens.ch\/fr\/?s={search_term_string}"},"query-input":{"@type":"PropertyValueSpecification","valueRequired":true,"valueName":"search_term_string"}}],"inLanguage":"fr-FR"},{"@type":"Organization","@id":"https:\/\/ch.ceres.stage.endadens.ch\/fr\/#organization","name":"Ceres Heilmittel AG","url":"https:\/\/ch.ceres.stage.endadens.ch\/fr\/","logo":{"@type":"ImageObject","inLanguage":"fr-FR","@id":"https:\/\/ch.ceres.stage.endadens.ch\/fr\/#\/schema\/logo\/image\/","url":"https:\/\/ch.ceres.stage.endadens.ch\/wp-content\/uploads\/2024\/10\/cropped-cropped-Logo_Ceres_Web_RGB_0722-2.jpg","contentUrl":"https:\/\/ch.ceres.stage.endadens.ch\/wp-content\/uploads\/2024\/10\/cropped-cropped-Logo_Ceres_Web_RGB_0722-2.jpg","width":683,"height":323,"caption":"Ceres Heilmittel AG"},"image":{"@id":"https:\/\/ch.ceres.stage.endadens.ch\/fr\/#\/schema\/logo\/image\/"}}]}},"taxonomy_info":{"product_cat":[{"value":1143,"label":"Produits"},{"value":1199,"label":"Teintures m\u00e8res"}]},"featured_image_src_large":["https:\/\/ch.ceres.stage.endadens.ch\/wp-content\/uploads\/2025\/05\/250513-AM-Packshot-Salvia-officinalis-CH-1024x1024.jpg",1024,1024,true],"author_info":[],"comment_info":"","uagb_featured_image_src":{"full":["https:\/\/ch.ceres.stage.endadens.ch\/wp-content\/uploads\/2025\/05\/250513-AM-Packshot-Salvia-officinalis-CH.jpg",1981,1981,false],"thumbnail":["https:\/\/ch.ceres.stage.endadens.ch\/wp-content\/uploads\/2025\/05\/250513-AM-Packshot-Salvia-officinalis-CH-150x150.jpg",150,150,true],"medium":["https:\/\/ch.ceres.stage.endadens.ch\/wp-content\/uploads\/2025\/05\/250513-AM-Packshot-Salvia-officinalis-CH-300x300.jpg",300,300,true],"medium_large":["https:\/\/ch.ceres.stage.endadens.ch\/wp-content\/uploads\/2025\/05\/250513-AM-Packshot-Salvia-officinalis-CH-768x768.jpg",768,768,true],"large":["https:\/\/ch.ceres.stage.endadens.ch\/wp-content\/uploads\/2025\/05\/250513-AM-Packshot-Salvia-officinalis-CH-1024x1024.jpg",1024,1024,true],"1536x1536":["https:\/\/ch.ceres.stage.endadens.ch\/wp-content\/uploads\/2025\/05\/250513-AM-Packshot-Salvia-officinalis-CH-1536x1536.jpg",1536,1536,true],"2048x2048":["https:\/\/ch.ceres.stage.endadens.ch\/wp-content\/uploads\/2025\/05\/250513-AM-Packshot-Salvia-officinalis-CH.jpg",1981,1981,false],"woocommerce_thumbnail":["https:\/\/ch.ceres.stage.endadens.ch\/wp-content\/uploads\/2025\/05\/250513-AM-Packshot-Salvia-officinalis-CH-300x300.jpg",300,300,true],"woocommerce_single":["https:\/\/ch.ceres.stage.endadens.ch\/wp-content\/uploads\/2025\/05\/250513-AM-Packshot-Salvia-officinalis-CH-600x600.jpg",600,600,true],"woocommerce_gallery_thumbnail":["https:\/\/ch.ceres.stage.endadens.ch\/wp-content\/uploads\/2025\/05\/250513-AM-Packshot-Salvia-officinalis-CH-100x100.jpg",100,100,true]},"uagb_author_info":{"display_name":"R Glogg","author_link":"https:\/\/ch.ceres.stage.endadens.ch\/fr\/blog\/author\/"},"uagb_comment_info":0,"uagb_excerpt":"Teinture m\u00e8re de sauge Parties de la plante utilis\u00e9es : Feuilles fra\u00eeches Taille de l'emballage \/ contenu : 20 ml Titulaire de l'autorisation : Ceres Heilmittel AG Bachtobelstrasse 6, CH-8596 Kesswil Soci\u00e9t\u00e9 de livraison : ebi-pharm ag Lindachstrasse 8c, CH-3038 Kirchlindach Remarque : pour la th\u00e9rapie individuelle selon les instructions du professionnel de sant\u00e9 qui\u2026","_links":{"self":[{"href":"https:\/\/ch.ceres.stage.endadens.ch\/fr\/wp-json\/wp\/v2\/product\/32739","targetHints":{"allow":["GET"]}}],"collection":[{"href":"https:\/\/ch.ceres.stage.endadens.ch\/fr\/wp-json\/wp\/v2\/product"}],"about":[{"href":"https:\/\/ch.ceres.stage.endadens.ch\/fr\/wp-json\/wp\/v2\/types\/product"}],"wp:featuredmedia":[{"embeddable":true,"href":"https:\/\/ch.ceres.stage.endadens.ch\/fr\/wp-json\/wp\/v2\/media\/29715"}],"wp:attachment":[{"href":"https:\/\/ch.ceres.stage.endadens.ch\/fr\/wp-json\/wp\/v2\/media?parent=32739"}],"wp:term":[{"taxonomy":"product_brand","embeddable":true,"href":"https:\/\/ch.ceres.stage.endadens.ch\/fr\/wp-json\/wp\/v2\/product_brand?post=32739"},{"taxonomy":"product_cat","embeddable":true,"href":"https:\/\/ch.ceres.stage.endadens.ch\/fr\/wp-json\/wp\/v2\/product_cat?post=32739"},{"taxonomy":"product_tag","embeddable":true,"href":"https:\/\/ch.ceres.stage.endadens.ch\/fr\/wp-json\/wp\/v2\/product_tag?post=32739"}],"curies":[{"name":"wp","href":"https:\/\/api.w.org\/{rel}","templated":true}]}}