{"id":26495,"date":"2024-07-19T10:08:39","date_gmt":"2024-07-19T08:08:39","guid":{"rendered":"https:\/\/wordpress.ceresheilmittel.ch\/annuaire-des-therapeutes\/"},"modified":"2026-01-29T12:26:43","modified_gmt":"2026-01-29T11:26:43","slug":"recherche-de-therapeutes","status":"publish","type":"page","link":"https:\/\/ch.ceres.stage.endadens.ch\/fr\/recherche-de-therapeutes\/","title":{"rendered":"Recherche de th\u00e9rapeutes"},"content":{"rendered":"<style>.kb-row-layout-wrap.wp-block-kadence-rowlayout.kb-row-layout-id26495_feea51-6a{margin-bottom:var(--global-kb-spacing-3xl, 6.5rem);}.kb-row-layout-id26495_feea51-6a > .kt-row-column-wrap{align-content:start;}:where(.kb-row-layout-id26495_feea51-6a > .kt-row-column-wrap) > .wp-block-kadence-column{justify-content:start;}.kb-row-layout-id26495_feea51-6a > .kt-row-column-wrap{column-gap:var(--global-kb-gap-md, 2rem);row-gap:var(--global-kb-gap-md, 2rem);padding-top:0px;padding-bottom:0px;min-height:100px;grid-template-columns:minmax(0, 1fr);}.kb-row-layout-id26495_feea51-6a > .kt-row-layout-overlay{opacity:0.30;}@media all and (max-width: 1024px){.kb-row-layout-id26495_feea51-6a > .kt-row-column-wrap{grid-template-columns:minmax(0, 1fr);}}@media all and (max-width: 767px){.kb-row-layout-id26495_feea51-6a > .kt-row-column-wrap{grid-template-columns:minmax(0, 1fr);}}<\/style><header class=\"kb-row-layout-wrap kb-row-layout-id26495_feea51-6a alignnone wp-block-kadence-rowlayout\"><div class=\"kt-row-column-wrap kt-has-1-columns kt-row-layout-equal kt-tab-layout-inherit kt-mobile-layout-row kt-row-valign-top\">\n<style>.kadence-column26495_462f85-65 > .kt-inside-inner-col{min-height:100px;}.kadence-column26495_462f85-65 > .kt-inside-inner-col,.kadence-column26495_462f85-65 > .kt-inside-inner-col:before{border-top-left-radius:0px;border-top-right-radius:0px;border-bottom-right-radius:0px;border-bottom-left-radius:0px;}.kadence-column26495_462f85-65 > .kt-inside-inner-col{column-gap:var(--global-kb-gap-sm, 1rem);}.kadence-column26495_462f85-65 > .kt-inside-inner-col{flex-direction:column;}.kadence-column26495_462f85-65 > .kt-inside-inner-col > .aligncenter{width:100%;}.kadence-column26495_462f85-65 > .kt-inside-inner-col:before{opacity:0.3;}.kadence-column26495_462f85-65{position:relative;}@media all and (max-width: 1024px){.kadence-column26495_462f85-65 > .kt-inside-inner-col{flex-direction:column;justify-content:center;}}@media all and (max-width: 767px){.kadence-column26495_462f85-65 > .kt-inside-inner-col{flex-direction:column;justify-content:center;}}<\/style>\n<div class=\"wp-block-kadence-column kadence-column26495_462f85-65\"><div class=\"kt-inside-inner-col\">\n<h2 class=\"wp-block-heading has-text-align-left\" style=\"margin-top:var(--wp--preset--spacing--60);font-size:42px;line-height:1.2\">\u00c0 LA RECHERCHE D&#8217;UN TH\u00c9RAPEUTE ?<\/h2>\n\n\n\n<p class=\"has-text-align-left\" style=\"margin-bottom:0;font-size:20px\">Recherchez ici les th\u00e9rapeutes et les cabinets pr\u00e8s de chez vous. Notre base de donn\u00e9es contient les adresses des professionnels qui ont l&#8217;exp\u00e9rience de Ceres. Il vous suffit de saisir votre ville ou votre code postal dans le champ de recherche. La base de donn\u00e9es est compl\u00e9t\u00e9e et mise \u00e0 jour en permanence. Les th\u00e9rapeutes d\u00e9j\u00e0 enregistr\u00e9s sont tenus de nous communiquer spontan\u00e9ment toute modification de leurs donn\u00e9es.<br>Nous vous prions de noter que les th\u00e9rapeutes enregistr\u00e9s se sont inscrits ici de leur propre initiative et que la liste figurant dans cette recherche n&#8217;\u00e9quivaut pas \u00e0 un jugement de valeur. Une relation patient-th\u00e9rapeute est tr\u00e8s individuelle et sa r\u00e9ussite repose sur de nombreux crit\u00e8res souvent tr\u00e8s personnels. Ceres Heilmittel AG \/ Ceres Heilmittel GmbH ne peut garantir ni leur qualification professionnelle ni l&#8217;actualit\u00e9 des enregistrements ; nous d\u00e9clinons toute responsabilit\u00e9. <br><br><strong><a href=\"https:\/\/akademie.ceres.stage.endadens.ch\/fr\/domain\/#therapeutenliste\" target=\"_blank\" rel=\"noreferrer noopener\">Vous souhaitez \u00e9galement figurer sur la liste des th\u00e9rapeutes ? <\/a><\/strong><em><a href=\"https:\/\/akademie.ceres.stage.endadens.ch\/fr\/domain\/#therapeutenliste\" target=\"_blank\" rel=\"noreferrer noopener\">Cliquez ici pour vous inscrire<\/a>.<\/em><\/p>\n<\/div><\/div>\n\n<\/div><\/header>\n\n<p>[wpgmza id=&#8221;324&#8243;]<\/p>\n\n\n\n<p><\/p>\n","protected":false},"excerpt":{"rendered":"<p>\u00c0 LA RECHERCHE D&#8217;UN TH\u00c9RAPEUTE ? Recherchez ici les th\u00e9rapeutes et les cabinets pr\u00e8s de chez vous. Notre base de donn\u00e9es contient les adresses des professionnels qui ont l&#8217;exp\u00e9rience de Ceres. Il vous suffit de saisir votre ville ou votre code postal dans le champ de recherche. La base de donn\u00e9es est compl\u00e9t\u00e9e et mise&#8230;<\/p>\n","protected":false},"author":1,"featured_media":0,"parent":0,"menu_order":0,"comment_status":"closed","ping_status":"closed","template":"","meta":{"_uag_custom_page_level_css":"","_kad_blocks_custom_css":"","_kad_blocks_head_custom_js":"","_kad_blocks_body_custom_js":"","_kad_blocks_footer_custom_js":"","_kad_post_transparent":"","_kad_post_title":"","_kad_post_layout":"","_kad_post_sidebar_id":"","_kad_post_content_style":"","_kad_post_vertical_padding":"","_kad_post_feature":"","_kad_post_feature_position":"","_kad_post_header":false,"_kad_post_footer":false,"footnotes":"","_links_to":"","_links_to_target":""},"class_list":["post-26495","page","type-page","status-publish","hentry"],"yoast_head":"<!-- This site is optimized with the Yoast SEO plugin v27.0 - https:\/\/yoast.com\/product\/yoast-seo-wordpress\/ -->\n<title>Recherche de th\u00e9rapeutes - Ceres Heilmittel AG<\/title>\n<meta name=\"description\" content=\"Trouvez un th\u00e9rapeute Ceres pr\u00e8s de chez vous : Il vous suffit de saisir votre code postal pour d\u00e9couvrir des professionnels exp\u00e9riment\u00e9s et comp\u00e9tents en mati\u00e8re de Ceres.\" \/>\n<meta name=\"robots\" content=\"index, follow, max-snippet:-1, max-image-preview:large, max-video-preview:-1\" \/>\n<link rel=\"canonical\" href=\"https:\/\/ch.ceres.stage.endadens.ch\/fr\/recherche-de-therapeutes\/\" \/>\n<meta property=\"og:locale\" content=\"fr_FR\" \/>\n<meta property=\"og:type\" content=\"article\" \/>\n<meta property=\"og:title\" content=\"Recherche de th\u00e9rapeutes - Ceres Heilmittel AG\" \/>\n<meta property=\"og:description\" content=\"Trouvez un th\u00e9rapeute Ceres pr\u00e8s de chez vous : Il vous suffit de saisir votre code postal pour d\u00e9couvrir des professionnels exp\u00e9riment\u00e9s et comp\u00e9tents en mati\u00e8re de Ceres.\" \/>\n<meta property=\"og:url\" content=\"https:\/\/ch.ceres.stage.endadens.ch\/fr\/recherche-de-therapeutes\/\" \/>\n<meta property=\"og:site_name\" content=\"Ceres Heilmittel AG\" \/>\n<meta property=\"article:modified_time\" content=\"2026-01-29T11:26:43+00:00\" \/>\n<meta name=\"twitter:card\" content=\"summary_large_image\" \/>\n<meta name=\"twitter:label1\" content=\"Dur\u00e9e de lecture estim\u00e9e\" \/>\n\t<meta name=\"twitter:data1\" content=\"1 minute\" \/>\n<script type=\"application\/ld+json\" class=\"yoast-schema-graph\">{\"@context\":\"https:\/\/schema.org\",\"@graph\":[{\"@type\":\"WebPage\",\"@id\":\"https:\/\/ch.ceres.stage.endadens.ch\/fr\/recherche-de-therapeutes\/\",\"url\":\"https:\/\/ch.ceres.stage.endadens.ch\/fr\/recherche-de-therapeutes\/\",\"name\":\"Recherche de th\u00e9rapeutes - Ceres Heilmittel AG\",\"isPartOf\":{\"@id\":\"https:\/\/ch.ceres.stage.endadens.ch\/fr\/#website\"},\"datePublished\":\"2024-07-19T08:08:39+00:00\",\"dateModified\":\"2026-01-29T11:26:43+00:00\",\"description\":\"Trouvez un th\u00e9rapeute Ceres pr\u00e8s de chez vous : Il vous suffit de saisir votre code postal pour d\u00e9couvrir des professionnels exp\u00e9riment\u00e9s et comp\u00e9tents en mati\u00e8re de Ceres.\",\"breadcrumb\":{\"@id\":\"https:\/\/ch.ceres.stage.endadens.ch\/fr\/recherche-de-therapeutes\/#breadcrumb\"},\"inLanguage\":\"fr-FR\",\"potentialAction\":[{\"@type\":\"ReadAction\",\"target\":[\"https:\/\/ch.ceres.stage.endadens.ch\/fr\/recherche-de-therapeutes\/\"]}]},{\"@type\":\"BreadcrumbList\",\"@id\":\"https:\/\/ch.ceres.stage.endadens.ch\/fr\/recherche-de-therapeutes\/#breadcrumb\",\"itemListElement\":[{\"@type\":\"ListItem\",\"position\":1,\"name\":\"Home\",\"item\":\"https:\/\/ch.ceres.stage.endadens.ch\/fr\/\"},{\"@type\":\"ListItem\",\"position\":2,\"name\":\"Recherche de th\u00e9rapeutes\"}]},{\"@type\":\"WebSite\",\"@id\":\"https:\/\/ch.ceres.stage.endadens.ch\/fr\/#website\",\"url\":\"https:\/\/ch.ceres.stage.endadens.ch\/fr\/\",\"name\":\"Ceres Heilmittel AG\",\"description\":\"\",\"publisher\":{\"@id\":\"https:\/\/ch.ceres.stage.endadens.ch\/fr\/#organization\"},\"potentialAction\":[{\"@type\":\"SearchAction\",\"target\":{\"@type\":\"EntryPoint\",\"urlTemplate\":\"https:\/\/ch.ceres.stage.endadens.ch\/fr\/?s={search_term_string}\"},\"query-input\":{\"@type\":\"PropertyValueSpecification\",\"valueRequired\":true,\"valueName\":\"search_term_string\"}}],\"inLanguage\":\"fr-FR\"},{\"@type\":\"Organization\",\"@id\":\"https:\/\/ch.ceres.stage.endadens.ch\/fr\/#organization\",\"name\":\"Ceres Heilmittel AG\",\"url\":\"https:\/\/ch.ceres.stage.endadens.ch\/fr\/\",\"logo\":{\"@type\":\"ImageObject\",\"inLanguage\":\"fr-FR\",\"@id\":\"https:\/\/ch.ceres.stage.endadens.ch\/fr\/#\/schema\/logo\/image\/\",\"url\":\"https:\/\/ch.ceres.stage.endadens.ch\/wp-content\/uploads\/2024\/10\/cropped-cropped-Logo_Ceres_Web_RGB_0722-2.jpg\",\"contentUrl\":\"https:\/\/ch.ceres.stage.endadens.ch\/wp-content\/uploads\/2024\/10\/cropped-cropped-Logo_Ceres_Web_RGB_0722-2.jpg\",\"width\":683,\"height\":323,\"caption\":\"Ceres Heilmittel AG\"},\"image\":{\"@id\":\"https:\/\/ch.ceres.stage.endadens.ch\/fr\/#\/schema\/logo\/image\/\"}}]}<\/script>\n<!-- \/ Yoast SEO plugin. -->","yoast_head_json":{"title":"Recherche de th\u00e9rapeutes - Ceres Heilmittel AG","description":"Trouvez un th\u00e9rapeute Ceres pr\u00e8s de chez vous : Il vous suffit de saisir votre code postal pour d\u00e9couvrir des professionnels exp\u00e9riment\u00e9s et comp\u00e9tents en mati\u00e8re de Ceres.","robots":{"index":"index","follow":"follow","max-snippet":"max-snippet:-1","max-image-preview":"max-image-preview:large","max-video-preview":"max-video-preview:-1"},"canonical":"https:\/\/ch.ceres.stage.endadens.ch\/fr\/recherche-de-therapeutes\/","og_locale":"fr_FR","og_type":"article","og_title":"Recherche de th\u00e9rapeutes - Ceres Heilmittel AG","og_description":"Trouvez un th\u00e9rapeute Ceres pr\u00e8s de chez vous : Il vous suffit de saisir votre code postal pour d\u00e9couvrir des professionnels exp\u00e9riment\u00e9s et comp\u00e9tents en mati\u00e8re de Ceres.","og_url":"https:\/\/ch.ceres.stage.endadens.ch\/fr\/recherche-de-therapeutes\/","og_site_name":"Ceres Heilmittel AG","article_modified_time":"2026-01-29T11:26:43+00:00","twitter_card":"summary_large_image","twitter_misc":{"Dur\u00e9e de lecture estim\u00e9e":"1 minute"},"schema":{"@context":"https:\/\/schema.org","@graph":[{"@type":"WebPage","@id":"https:\/\/ch.ceres.stage.endadens.ch\/fr\/recherche-de-therapeutes\/","url":"https:\/\/ch.ceres.stage.endadens.ch\/fr\/recherche-de-therapeutes\/","name":"Recherche de th\u00e9rapeutes - Ceres Heilmittel AG","isPartOf":{"@id":"https:\/\/ch.ceres.stage.endadens.ch\/fr\/#website"},"datePublished":"2024-07-19T08:08:39+00:00","dateModified":"2026-01-29T11:26:43+00:00","description":"Trouvez un th\u00e9rapeute Ceres pr\u00e8s de chez vous : Il vous suffit de saisir votre code postal pour d\u00e9couvrir des professionnels exp\u00e9riment\u00e9s et comp\u00e9tents en mati\u00e8re de Ceres.","breadcrumb":{"@id":"https:\/\/ch.ceres.stage.endadens.ch\/fr\/recherche-de-therapeutes\/#breadcrumb"},"inLanguage":"fr-FR","potentialAction":[{"@type":"ReadAction","target":["https:\/\/ch.ceres.stage.endadens.ch\/fr\/recherche-de-therapeutes\/"]}]},{"@type":"BreadcrumbList","@id":"https:\/\/ch.ceres.stage.endadens.ch\/fr\/recherche-de-therapeutes\/#breadcrumb","itemListElement":[{"@type":"ListItem","position":1,"name":"Home","item":"https:\/\/ch.ceres.stage.endadens.ch\/fr\/"},{"@type":"ListItem","position":2,"name":"Recherche de th\u00e9rapeutes"}]},{"@type":"WebSite","@id":"https:\/\/ch.ceres.stage.endadens.ch\/fr\/#website","url":"https:\/\/ch.ceres.stage.endadens.ch\/fr\/","name":"Ceres Heilmittel AG","description":"","publisher":{"@id":"https:\/\/ch.ceres.stage.endadens.ch\/fr\/#organization"},"potentialAction":[{"@type":"SearchAction","target":{"@type":"EntryPoint","urlTemplate":"https:\/\/ch.ceres.stage.endadens.ch\/fr\/?s={search_term_string}"},"query-input":{"@type":"PropertyValueSpecification","valueRequired":true,"valueName":"search_term_string"}}],"inLanguage":"fr-FR"},{"@type":"Organization","@id":"https:\/\/ch.ceres.stage.endadens.ch\/fr\/#organization","name":"Ceres Heilmittel AG","url":"https:\/\/ch.ceres.stage.endadens.ch\/fr\/","logo":{"@type":"ImageObject","inLanguage":"fr-FR","@id":"https:\/\/ch.ceres.stage.endadens.ch\/fr\/#\/schema\/logo\/image\/","url":"https:\/\/ch.ceres.stage.endadens.ch\/wp-content\/uploads\/2024\/10\/cropped-cropped-Logo_Ceres_Web_RGB_0722-2.jpg","contentUrl":"https:\/\/ch.ceres.stage.endadens.ch\/wp-content\/uploads\/2024\/10\/cropped-cropped-Logo_Ceres_Web_RGB_0722-2.jpg","width":683,"height":323,"caption":"Ceres Heilmittel AG"},"image":{"@id":"https:\/\/ch.ceres.stage.endadens.ch\/fr\/#\/schema\/logo\/image\/"}}]}},"taxonomy_info":[],"featured_image_src_large":false,"author_info":{"display_name":"P von B\u00fcren","author_link":"https:\/\/ch.ceres.stage.endadens.ch\/fr\/blog\/author\/ymc\/"},"comment_info":0,"uagb_featured_image_src":{"full":false,"thumbnail":false,"medium":false,"medium_large":false,"large":false,"1536x1536":false,"2048x2048":false,"woocommerce_thumbnail":false,"woocommerce_single":false,"woocommerce_gallery_thumbnail":false},"uagb_author_info":{"display_name":"P von B\u00fcren","author_link":"https:\/\/ch.ceres.stage.endadens.ch\/fr\/blog\/author\/ymc\/"},"uagb_comment_info":0,"uagb_excerpt":"\u00c0 LA RECHERCHE D&#8217;UN TH\u00c9RAPEUTE ? Recherchez ici les th\u00e9rapeutes et les cabinets pr\u00e8s de chez vous. Notre base de donn\u00e9es contient les adresses des professionnels qui ont l&#8217;exp\u00e9rience de Ceres. Il vous suffit de saisir votre ville ou votre code postal dans le champ de recherche. La base de donn\u00e9es est compl\u00e9t\u00e9e et mise...","_links":{"self":[{"href":"https:\/\/ch.ceres.stage.endadens.ch\/fr\/wp-json\/wp\/v2\/pages\/26495","targetHints":{"allow":["GET"]}}],"collection":[{"href":"https:\/\/ch.ceres.stage.endadens.ch\/fr\/wp-json\/wp\/v2\/pages"}],"about":[{"href":"https:\/\/ch.ceres.stage.endadens.ch\/fr\/wp-json\/wp\/v2\/types\/page"}],"author":[{"embeddable":true,"href":"https:\/\/ch.ceres.stage.endadens.ch\/fr\/wp-json\/wp\/v2\/users\/1"}],"replies":[{"embeddable":true,"href":"https:\/\/ch.ceres.stage.endadens.ch\/fr\/wp-json\/wp\/v2\/comments?post=26495"}],"version-history":[{"count":10,"href":"https:\/\/ch.ceres.stage.endadens.ch\/fr\/wp-json\/wp\/v2\/pages\/26495\/revisions"}],"predecessor-version":[{"id":36627,"href":"https:\/\/ch.ceres.stage.endadens.ch\/fr\/wp-json\/wp\/v2\/pages\/26495\/revisions\/36627"}],"wp:attachment":[{"href":"https:\/\/ch.ceres.stage.endadens.ch\/fr\/wp-json\/wp\/v2\/media?parent=26495"}],"curies":[{"name":"wp","href":"https:\/\/api.w.org\/{rel}","templated":true}]}}